{"id":2,"date":"2024-08-19T21:00:39","date_gmt":"2024-08-19T19:00:39","guid":{"rendered":"http:\/\/kerdagouet.fr\/?page_id=2"},"modified":"2024-08-22T10:40:57","modified_gmt":"2024-08-22T08:40:57","slug":"page-dexemple","status":"publish","type":"page","link":"https:\/\/kerdagouet.fr\/","title":{"rendered":"Accueil"},"content":{"rendered":"\n<p>Bienvenue \u00e0 CARNAC.<\/p>\n\n\n\n<p>Notre complexe contient trois logements (Kerlescan, Kermario et Le Dolmen) avec piscine commune. Ils peuvent lou\u00e9s ensemble ou ind\u00e9pendamment . Piscine chauff\u00e9e accessible d&#8217;avril \u00e0 octobre, Mobilier de jardin et BBQ. Espace vert pour jeux.<\/p>\n\n\n\n<div class=\"wp-block-columns is-layout-flex wp-container-core-columns-is-layout-9d6595d7 wp-block-columns-is-layout-flex\">\n<div class=\"wp-block-column is-layout-flow wp-block-column-is-layout-flow\">\n<figure class=\"wp-block-image size-large is-resized\"><img loading=\"lazy\" decoding=\"async\" width=\"1024\" height=\"768\" src=\"https:\/\/kerdagouet.fr\/wp-content\/uploads\/2024\/08\/IMG_1277-1024x768.jpg\" alt=\"\" class=\"wp-image-23\" style=\"width:256px;height:auto\" srcset=\"https:\/\/kerdagouet.fr\/wp-content\/uploads\/2024\/08\/IMG_1277-1024x768.jpg 1024w, https:\/\/kerdagouet.fr\/wp-content\/uploads\/2024\/08\/IMG_1277-300x225.jpg 300w, https:\/\/kerdagouet.fr\/wp-content\/uploads\/2024\/08\/IMG_1277-768x576.jpg 768w, https:\/\/kerdagouet.fr\/wp-content\/uploads\/2024\/08\/IMG_1277-892x669.jpg 892w, https:\/\/kerdagouet.fr\/wp-content\/uploads\/2024\/08\/IMG_1277.jpg 1280w\" sizes=\"auto, (max-width: 1024px) 100vw, 1024px\" \/><\/figure>\n\n\n\n<h3 class=\"wp-block-heading\">KERLESCAN<\/h3>\n\n\n\n<p>A proximit\u00e9 imm\u00e9diate des alignements, notre logement &#8220;Kerlescan&#8221; se situe au rez-de-chauss\u00e9e d&#8217;une maison avec entr\u00e9e priv\u00e9e, terrasse et jardin. Acc\u00e8s a la piscine d&#8217;avril \u00e0 octobre. Spacieux et joliment r\u00e9nov\u00e9, vous y passerez un agr\u00e9able s\u00e9jour.<\/p>\n\n\n\n<div class=\"wp-block-buttons is-layout-flex wp-block-buttons-is-layout-flex\">\n<div class=\"wp-block-button\"><a class=\"wp-block-button__link wp-element-button\">Reserver<\/a><\/div>\n<\/div>\n<\/div>\n\n\n\n<div class=\"wp-block-column is-layout-flow wp-block-column-is-layout-flow\">\n<figure class=\"wp-block-image size-large is-resized\"><img loading=\"lazy\" decoding=\"async\" width=\"1024\" height=\"768\" src=\"https:\/\/kerdagouet.fr\/wp-content\/uploads\/2024\/08\/IMG_1253-1024x768.jpg\" alt=\"\" class=\"wp-image-24\" style=\"width:256px;height:auto\" srcset=\"https:\/\/kerdagouet.fr\/wp-content\/uploads\/2024\/08\/IMG_1253-1024x768.jpg 1024w, https:\/\/kerdagouet.fr\/wp-content\/uploads\/2024\/08\/IMG_1253-300x225.jpg 300w, https:\/\/kerdagouet.fr\/wp-content\/uploads\/2024\/08\/IMG_1253-768x576.jpg 768w, https:\/\/kerdagouet.fr\/wp-content\/uploads\/2024\/08\/IMG_1253-892x669.jpg 892w, https:\/\/kerdagouet.fr\/wp-content\/uploads\/2024\/08\/IMG_1253.jpg 1280w\" sizes=\"auto, (max-width: 1024px) 100vw, 1024px\" \/><\/figure>\n\n\n\n<h3 class=\"wp-block-heading\">KERMARIO<\/h3>\n\n\n\n<p>Bienvenue dans notre appartement spacieux \u00e0 Carnac, id\u00e9al pour accueillir jusqu&#8217;\u00e0 6 personnes. Ce logement est \u00e0 l&#8217;\u00e9tage avec un acc\u00e8s ind\u00e9pendant.<br>Vous trouverez deux chambres confortables, un salon ind\u00e9pendant, une cuisine enti\u00e8rement \u00e9quip\u00e9e et une salle de bains moderne pour votre confort.<\/p>\n\n\n\n<div class=\"wp-block-buttons is-layout-flex wp-block-buttons-is-layout-flex\">\n<div class=\"wp-block-button\"><a class=\"wp-block-button__link wp-element-button\">RESERVER<\/a><\/div>\n<\/div>\n<\/div>\n\n\n\n<div class=\"wp-block-column is-layout-flow wp-block-column-is-layout-flow\">\n<figure class=\"wp-block-image size-large\"><img loading=\"lazy\" decoding=\"async\" width=\"1024\" height=\"768\" src=\"https:\/\/kerdagouet.fr\/wp-content\/uploads\/2024\/08\/IMG_1248-1024x768.jpg\" alt=\"\" class=\"wp-image-25\" srcset=\"https:\/\/kerdagouet.fr\/wp-content\/uploads\/2024\/08\/IMG_1248-1024x768.jpg 1024w, https:\/\/kerdagouet.fr\/wp-content\/uploads\/2024\/08\/IMG_1248-300x225.jpg 300w, https:\/\/kerdagouet.fr\/wp-content\/uploads\/2024\/08\/IMG_1248-768x576.jpg 768w, https:\/\/kerdagouet.fr\/wp-content\/uploads\/2024\/08\/IMG_1248-892x669.jpg 892w, https:\/\/kerdagouet.fr\/wp-content\/uploads\/2024\/08\/IMG_1248.jpg 1280w\" sizes=\"auto, (max-width: 1024px) 100vw, 1024px\" \/><\/figure>\n\n\n\n<h3 class=\"wp-block-heading\">LE DOLMEN<\/h3>\n\n\n\n<p>Venez profiter en couple, en famille ou entre amis de ce superbe logement qui offre de bons moments en perspective et situ\u00e9e \u00e0 quelques pas des fameux alignements de Carnac. Maison ind\u00e9pendante avec terrasse et jardin priv\u00e9. <\/p>\n\n\n\n<div class=\"wp-block-buttons is-layout-flex wp-block-buttons-is-layout-flex\">\n<div class=\"wp-block-button\"><a class=\"wp-block-button__link wp-element-button\">RESERVER<\/a><\/div>\n<\/div>\n<\/div>\n<\/div>\n\n\n\n<h2 class=\"wp-block-heading\">ou alors r\u00e9servez tout notre \u00e9tablissement rien que pour vous <\/h2>\n\n\n\n<figure class=\"wp-block-image size-large\"><img loading=\"lazy\" decoding=\"async\" width=\"1024\" height=\"768\" src=\"https:\/\/kerdagouet.fr\/wp-content\/uploads\/2024\/08\/IMG_1298-1024x768.jpg\" alt=\"\" class=\"wp-image-26\" srcset=\"https:\/\/kerdagouet.fr\/wp-content\/uploads\/2024\/08\/IMG_1298-1024x768.jpg 1024w, https:\/\/kerdagouet.fr\/wp-content\/uploads\/2024\/08\/IMG_1298-300x225.jpg 300w, https:\/\/kerdagouet.fr\/wp-content\/uploads\/2024\/08\/IMG_1298-768x576.jpg 768w, https:\/\/kerdagouet.fr\/wp-content\/uploads\/2024\/08\/IMG_1298-892x669.jpg 892w, https:\/\/kerdagouet.fr\/wp-content\/uploads\/2024\/08\/IMG_1298.jpg 1280w\" sizes=\"auto, (max-width: 1024px) 100vw, 1024px\" \/><\/figure>\n\n\n\n<p>R\u00e9servez les 3 logements.<\/p>\n\n\n\n<div class=\"wp-block-buttons is-layout-flex wp-block-buttons-is-layout-flex\">\n<div class=\"wp-block-button\"><a class=\"wp-block-button__link wp-element-button\">RESERVER<\/a><\/div>\n<\/div>\n\n\n\n<p><\/p>\n","protected":false},"excerpt":{"rendered":"<p>Bienvenue \u00e0 CARNAC. Notre complexe contient trois logements (Kerlescan, Kermario et Le Dolmen) avec piscine commune. Ils peuvent lou\u00e9s ensemble ou ind\u00e9pendamment . Piscine chauff\u00e9e accessible d&#8217;avril \u00e0 octobre, Mobilier de jardin et BBQ. Espace vert pour jeux. KERLESCAN A proximit\u00e9 imm\u00e9diate des alignements, notre logement &#8220;Kerlescan&#8221; se situe au rez-de-chauss\u00e9e d&#8217;une maison avec entr\u00e9e [&hellip;]<\/p>\n","protected":false},"author":1,"featured_media":0,"parent":0,"menu_order":0,"comment_status":"closed","ping_status":"open","template":"","meta":{"footnotes":""},"class_list":["post-2","page","type-page","status-publish","hentry"],"_links":{"self":[{"href":"https:\/\/kerdagouet.fr\/index.php\/wp-json\/wp\/v2\/pages\/2","targetHints":{"allow":["GET"]}}],"collection":[{"href":"https:\/\/kerdagouet.fr\/index.php\/wp-json\/wp\/v2\/pages"}],"about":[{"href":"https:\/\/kerdagouet.fr\/index.php\/wp-json\/wp\/v2\/types\/page"}],"author":[{"embeddable":true,"href":"https:\/\/kerdagouet.fr\/index.php\/wp-json\/wp\/v2\/users\/1"}],"replies":[{"embeddable":true,"href":"https:\/\/kerdagouet.fr\/index.php\/wp-json\/wp\/v2\/comments?post=2"}],"version-history":[{"count":7,"href":"https:\/\/kerdagouet.fr\/index.php\/wp-json\/wp\/v2\/pages\/2\/revisions"}],"predecessor-version":[{"id":35,"href":"https:\/\/kerdagouet.fr\/index.php\/wp-json\/wp\/v2\/pages\/2\/revisions\/35"}],"wp:attachment":[{"href":"https:\/\/kerdagouet.fr\/index.php\/wp-json\/wp\/v2\/media?parent=2"}],"curies":[{"name":"wp","href":"https:\/\/api.w.org\/{rel}","templated":true}]}}